{"id":2,"date":"2017-12-26T09:47:10","date_gmt":"2017-12-26T09:47:10","guid":{"rendered":"http:\/\/www.franciscobontempi.com\/web\/?page_id=2"},"modified":"2024-09-15T17:29:53","modified_gmt":"2024-09-15T17:29:53","slug":"pagina-ejemplo","status":"publish","type":"page","link":"https:\/\/www.franciscobontempi.com\/web\/pagina-ejemplo\/","title":{"rendered":"Biograf\u00eda"},"content":{"rendered":"<h1>Francisco Bontempi:<\/h1>\n<h2>M\u00e9dico y Psicoterapeuta.<\/h2>\n<p>M\u00e9dico Cirujano reconocido por el Medical Boards of the United States; formado en Psiquiatr\u00eda en la Cl\u00ednica Universitaria de la Universidad de Chile, bajo la tuici\u00f3n de Rafael Parada Allende, maestro de psiquiatras; tambi\u00e9n formado en Filosof\u00eda en la Universidad Cat\u00f3lica de Santiago y en L\u00f3gica Matem\u00e1tica con Mme Claude Imbert de la Ecole Normale Sup\u00e9rieure de Paris. Licenciado en Medicina por la Universidad de La Laguna, en Tenerife, Espa\u00f1a, Francisco Bontempi reside en esta ciudad donde ha establecido su familia como padre de tres hijos.<\/p>\n<p>A comienzos de los setenta se integr\u00f3 en el grupo SAT, de Claudio Naranjo, y se form\u00f3 en la aplicaci\u00f3n del m\u00e9todo Hoffman original, bajo la supervisi\u00f3n de Bob Hoffman; trabaj\u00f3 en la traducci\u00f3n y adaptaci\u00f3n de esa terapia al espa\u00f1ol. Desde entonces se ha dedicado exclusivamente a la pr\u00e1ctica psicoterap\u00e9utica en su consulta privada donde ha desarrollado lo que llama: \u201cProceso de Integraci\u00f3n Psicosom\u00e1tico\u201d, ISS.<\/p>\n<p>Define la psicoterapia como una forma de ense\u00f1anza y aprendizaje, conocimiento, arte pr\u00e1ctico y t\u00e9cnicas adecuadas para experimentar lo que somos y liberar el potencial creativo inherente a nuestra esencia. Afirma que \u00e9sta\u00a0\u201csigue siendo para m\u00ed la m\u00e1s apasionante y fundamental de todas las actividades\u201d.<\/p>\n<p>Integrando las distintas t\u00e9cnicas tradicionales con nuevos conceptos y abriendo su aplicaci\u00f3n en contextos personales, transpersonales, sociofamiliares y de unificaci\u00f3n con la naturaleza, Francisco Bontempi ha organizado esta experiencia vital (ISS) en un proceso cuyo objetivo es cerrar la brecha que escinde la experiencia humana en cuerpo y psiquis, subjetivamente separadas, unificando as\u00ed, madurativamente (en la l\u00ednea de Gurdjieff), las subpersonalidades del hombre fragmentado.<\/p>\n<p>&#8211;<\/p>\n<h3>T\u00edtulos y publicaciones<\/h3>\n<p>M\u00e9dico Cirujano. Medical Boards of the United States. MR en Psiquiatr\u00eda. Universidad de Chile. Psicoterapeuta: Gestalt: Cl\u00ednica Univ. Santiago de Chile. Grupo SAT. Claudio Naranjo. Instituto Hoffman, California. Licenciado en Medicina y Cirug\u00eda: Universidad de la Laguna. Miembro de ACAE, Asociaci\u00f3n Canaria de Escritores, autor del libro \u201cThe Game of Truth\u201d, texto abierto de preguntas y humor que deja las respuestas a la libertad de cada individuo, y del \u00abISS\u00bb, un Proceso de Integraci\u00f3n Psicosom\u00e1tico\u201d donde ha integrado su visi\u00f3n y experiencia del arte y t\u00e9cnica de la psicoterapia. Autor de la obra po\u00e9tica \u201cCantos de San Borond\u00f3n\u201d, publicaci\u00f3n de poemas originales editados en fusi\u00f3n con la m\u00fasica de M. Jaubert, y de \u201cAlma de Hombre y Mar\u201d, reflexi\u00f3n sobre la cultura y antolog\u00eda po\u00e9tica de Pedro Garc\u00eda Cabrera.<\/p>\n<p>Amante de la naturaleza y la arquitectura, vive en el campo donde ha dise\u00f1ado y construido junto con su familia una casa solar y ecol\u00f3gicamente equilibrada.<\/p>\n<p>&#8211;<\/p>\n<p><i>\u00ab\u00a1No te preocupes por conservar estas canciones!<br \/>\nY si se rompe alguno de nuestros instrumentos, no importa.<br \/>\nHemos ido a parar al lugar donde todo es m\u00fasica.<br \/>\nAunque se quemara el arpa del mundo,<br \/>\nseguir\u00e1n quedando instrumentos escondidos.\u00bb<\/i><\/p>\n<p><b>Rumi, poeta y sabio persa, 1207-1273.<\/b><\/p>\n","protected":false},"excerpt":{"rendered":"<p>Francisco Bontempi: M\u00e9dico y Psicoterapeuta. M\u00e9dico Cirujano reconocido por el Medical Boards of the United States; formado en Psiquiatr\u00eda en la Cl\u00ednica Universitaria de la Universidad de Chile, bajo la tuici\u00f3n de Rafael Parada Allende, maestro de psiquiatras; tambi\u00e9n formado en Filosof\u00eda en la Universidad Cat\u00f3lica de Santiago y en L\u00f3gica Matem\u00e1tica con Mme Claude [&hellip;]<\/p>\n","protected":false},"author":1,"featured_media":0,"parent":0,"menu_order":0,"comment_status":"closed","ping_status":"open","template":"page-full.php","meta":{"footnotes":""},"class_list":["post-2","page","type-page","status-publish","hentry"],"_links":{"self":[{"href":"https:\/\/www.franciscobontempi.com\/web\/wp-json\/wp\/v2\/pages\/2","targetHints":{"allow":["GET"]}}],"collection":[{"href":"https:\/\/www.franciscobontempi.com\/web\/wp-json\/wp\/v2\/pages"}],"about":[{"href":"https:\/\/www.franciscobontempi.com\/web\/wp-json\/wp\/v2\/types\/page"}],"author":[{"embeddable":true,"href":"https:\/\/www.franciscobontempi.com\/web\/wp-json\/wp\/v2\/users\/1"}],"replies":[{"embeddable":true,"href":"https:\/\/www.franciscobontempi.com\/web\/wp-json\/wp\/v2\/comments?post=2"}],"version-history":[{"count":36,"href":"https:\/\/www.franciscobontempi.com\/web\/wp-json\/wp\/v2\/pages\/2\/revisions"}],"predecessor-version":[{"id":966,"href":"https:\/\/www.franciscobontempi.com\/web\/wp-json\/wp\/v2\/pages\/2\/revisions\/966"}],"wp:attachment":[{"href":"https:\/\/www.franciscobontempi.com\/web\/wp-json\/wp\/v2\/media?parent=2"}],"curies":[{"name":"wp","href":"https:\/\/api.w.org\/{rel}","templated":true}]}}